{"id":109,"date":"2026-04-13T20:54:50","date_gmt":"2026-04-13T18:54:50","guid":{"rendered":"https:\/\/www.hooked-outlaws.com\/?post_type=product&#038;p=109"},"modified":"2026-04-14T08:35:00","modified_gmt":"2026-04-14T06:35:00","slug":"the-collector-joe-pike","status":"publish","type":"product","link":"http:\/\/www.hooked-outlaws.com\/index.php\/produkt\/the-collector-joe-pike\/","title":{"rendered":"The Collector &#8222;Joe Pike &#8222;"},"content":{"rendered":"<h3 data-path-to-node=\"5\"><b data-path-to-node=\"5\" data-index-in-node=\"0\">Er frisst nicht, er sammelt\u00a0<\/b><\/h3>\n<p data-path-to-node=\"6\">Dieser Hecht hat keine Angst vor Haken. Er hat sie zu seiner Troph\u00e4e gemacht. Das <b data-path-to-node=\"6\" data-index-in-node=\"82\">\u201eCollector\u201c T-Shirt<\/b> ist f\u00fcr alle, die das Raubfischangeln als Lebenseinstellung verstehen. Ein brutales, detailverliebtes Design, das zeigt: Wir spielen nicht, wir jagen. Ein Statement-Piece f\u00fcr jeden, der wei\u00df, was es hei\u00dft, am Wasser alles zu geben.<\/p>\n<h3 data-path-to-node=\"7\"><\/h3>\n<p><strong>Produkt:<br \/>\n<\/strong>Back-Print<br \/>\n100% Bio Baumwolle<br \/>\nOversize Gr\u00f6sse<\/p>\n<h3 data-path-to-node=\"5\"><\/h3>\n<p>&nbsp;<\/p>\n","protected":false},"excerpt":{"rendered":"<h3 data-path-to-node=\"5\"><b data-path-to-node=\"5\" data-index-in-node=\"0\">Er frisst nicht, er sammelt\u00a0<\/b><\/h3>\n<p data-path-to-node=\"6\">Dieser Hecht hat keine Angst vor Haken. Er hat sie zu seiner Troph\u00e4e gemacht. Das <b data-path-to-node=\"6\" data-index-in-node=\"82\">\u201eCollector\u201c T-Shirt<\/b> ist f\u00fcr alle, die das Raubfischangeln als Lebenseinstellung verstehen. Ein brutales, detailverliebtes Design, das zeigt: Wir spielen nicht, wir jagen. Ein Statement-Piece f\u00fcr jeden, der wei\u00df, was es hei\u00dft, am Wasser alles zu geben.<\/p>\n","protected":false},"featured_media":114,"template":"","meta":[],"product_brand":[23],"product_cat":[17],"product_tag":[],"class_list":{"0":"post-109","1":"product","2":"type-product","3":"status-publish","4":"has-post-thumbnail","6":"product_brand-hooked-outlaws","7":"product_cat-maenner","9":"first","10":"instock","11":"shipping-taxable","12":"purchasable","13":"product-type-variable"},"jetpack_sharing_enabled":true,"_links":{"self":[{"href":"http:\/\/www.hooked-outlaws.com\/index.php\/wp-json\/wp\/v2\/product\/109","targetHints":{"allow":["GET"]}}],"collection":[{"href":"http:\/\/www.hooked-outlaws.com\/index.php\/wp-json\/wp\/v2\/product"}],"about":[{"href":"http:\/\/www.hooked-outlaws.com\/index.php\/wp-json\/wp\/v2\/types\/product"}],"wp:featuredmedia":[{"embeddable":true,"href":"http:\/\/www.hooked-outlaws.com\/index.php\/wp-json\/wp\/v2\/media\/114"}],"wp:attachment":[{"href":"http:\/\/www.hooked-outlaws.com\/index.php\/wp-json\/wp\/v2\/media?parent=109"}],"wp:term":[{"taxonomy":"product_brand","embeddable":true,"href":"http:\/\/www.hooked-outlaws.com\/index.php\/wp-json\/wp\/v2\/product_brand?post=109"},{"taxonomy":"product_cat","embeddable":true,"href":"http:\/\/www.hooked-outlaws.com\/index.php\/wp-json\/wp\/v2\/product_cat?post=109"},{"taxonomy":"product_tag","embeddable":true,"href":"http:\/\/www.hooked-outlaws.com\/index.php\/wp-json\/wp\/v2\/product_tag?post=109"}],"curies":[{"name":"wp","href":"https:\/\/api.w.org\/{rel}","templated":true}]}}