{"id":66,"date":"2026-04-13T16:51:55","date_gmt":"2026-04-13T14:51:55","guid":{"rendered":"https:\/\/www.hooked-outlaws.com\/?post_type=product&#038;p=66"},"modified":"2026-04-13T20:02:07","modified_gmt":"2026-04-13T18:02:07","slug":"the-original-hooked-outlaws","status":"publish","type":"product","link":"http:\/\/www.hooked-outlaws.com\/index.php\/produkt\/the-original-hooked-outlaws\/","title":{"rendered":"The Original &#8222;Hooked Outlaws&#8220;"},"content":{"rendered":"<p><b data-path-to-node=\"11,0\" data-index-in-node=\"0\">Der Outlaw-Vibe:<\/b> \u201eNormal\u201c ist was f\u00fcr die anderen. Wir stehen fr\u00fcher auf, bleiben l\u00e4nger drau\u00dfen und tragen Kleidung, die unseren Lifestyle widerspiegelt. Das Hooked Outlaws Oversize Tee ist dein Partner f\u00fcr die N\u00e4chte am See und die Tage im Urban Jungle.<\/p>\n<p data-path-to-node=\"4\"><strong>Produkt:<br \/>\n<\/strong>Back-Print<br \/>\n100% Bio Baumwolle<br \/>\nOversize Gr\u00f6sse<\/p>\n","protected":false},"excerpt":{"rendered":"<p><b data-path-to-node=\"11,0\" data-index-in-node=\"0\">Der Outlaw-Vibe:<\/b> \u201eNormal\u201c ist was f\u00fcr die anderen. Wir stehen fr\u00fcher auf, bleiben l\u00e4nger drau\u00dfen und tragen Kleidung, die unseren Lifestyle widerspiegelt. Das Hooked Outlaws Oversize Tee ist dein Partner f\u00fcr die N\u00e4chte am See und die Tage im Urban Jungle.<\/p>\n","protected":false},"featured_media":63,"template":"","meta":[],"product_brand":[23],"product_cat":[17],"product_tag":[],"class_list":{"0":"post-66","1":"product","2":"type-product","3":"status-publish","4":"has-post-thumbnail","6":"product_brand-hooked-outlaws","7":"product_cat-maenner","9":"first","10":"instock","11":"shipping-taxable","12":"purchasable","13":"product-type-variable"},"jetpack_sharing_enabled":true,"_links":{"self":[{"href":"http:\/\/www.hooked-outlaws.com\/index.php\/wp-json\/wp\/v2\/product\/66","targetHints":{"allow":["GET"]}}],"collection":[{"href":"http:\/\/www.hooked-outlaws.com\/index.php\/wp-json\/wp\/v2\/product"}],"about":[{"href":"http:\/\/www.hooked-outlaws.com\/index.php\/wp-json\/wp\/v2\/types\/product"}],"wp:featuredmedia":[{"embeddable":true,"href":"http:\/\/www.hooked-outlaws.com\/index.php\/wp-json\/wp\/v2\/media\/63"}],"wp:attachment":[{"href":"http:\/\/www.hooked-outlaws.com\/index.php\/wp-json\/wp\/v2\/media?parent=66"}],"wp:term":[{"taxonomy":"product_brand","embeddable":true,"href":"http:\/\/www.hooked-outlaws.com\/index.php\/wp-json\/wp\/v2\/product_brand?post=66"},{"taxonomy":"product_cat","embeddable":true,"href":"http:\/\/www.hooked-outlaws.com\/index.php\/wp-json\/wp\/v2\/product_cat?post=66"},{"taxonomy":"product_tag","embeddable":true,"href":"http:\/\/www.hooked-outlaws.com\/index.php\/wp-json\/wp\/v2\/product_tag?post=66"}],"curies":[{"name":"wp","href":"https:\/\/api.w.org\/{rel}","templated":true}]}}