{"id":86,"date":"2026-04-13T19:35:37","date_gmt":"2026-04-13T17:35:37","guid":{"rendered":"https:\/\/www.hooked-outlaws.com\/?post_type=product&#038;p=86"},"modified":"2026-04-13T20:01:27","modified_gmt":"2026-04-13T18:01:27","slug":"the-heritage-fly","status":"publish","type":"product","link":"http:\/\/www.hooked-outlaws.com\/index.php\/produkt\/the-heritage-fly\/","title":{"rendered":"The Heritage Fly"},"content":{"rendered":"<p data-path-to-node=\"4\">Manche Dinge \u00e4ndern sich nie. Die Perfektion eines Wurfes, die Geduld am Wasser und das Vertrauen in ehrliches Gear. Das <b data-path-to-node=\"4\" data-index-in-node=\"121\">\u201eHeritage Fly\u201c T-Shirt<\/b> ist unsere Hommage an die Wurzeln des Fliegenfischens, interpretiert f\u00fcr die moderne Hooked Outlaws Crew. Ein zeitloses Design f\u00fcr alle, die das Handwerk sch\u00e4tzen und trotzdem ihren eigenen Weg gehen.<\/p>\n<p><strong>Produkt:<br \/>\n<\/strong>Front-Print<br \/>\n100% Bio Baumwolle<br \/>\nOversize Gr\u00f6sse<\/p>\n<h3 data-path-to-node=\"5\"><\/h3>\n<p>&nbsp;<\/p>\n","protected":false},"excerpt":{"rendered":"<p>Manche Dinge \u00e4ndern sich nie. Die Perfektion eines Wurfes, die Geduld am Wasser und das Vertrauen in ehrliches Gear. Das <b data-path-to-node=\"4\" data-index-in-node=\"121\">\u201eHeritage Fly\u201c T-Shirt<\/b> ist unsere Hommage an die Wurzeln des Fliegenfischens, interpretiert f\u00fcr die moderne Hooked Outlaws Crew. Ein zeitloses Design f\u00fcr alle, die das Handwerk sch\u00e4tzen und trotzdem ihren eigenen Weg gehen.<\/p>\n","protected":false},"featured_media":91,"template":"","meta":[],"product_brand":[23],"product_cat":[17],"product_tag":[],"class_list":{"0":"post-86","1":"product","2":"type-product","3":"status-publish","4":"has-post-thumbnail","6":"product_brand-hooked-outlaws","7":"product_cat-maenner","9":"first","10":"instock","11":"shipping-taxable","12":"purchasable","13":"product-type-variable"},"jetpack_sharing_enabled":true,"_links":{"self":[{"href":"http:\/\/www.hooked-outlaws.com\/index.php\/wp-json\/wp\/v2\/product\/86","targetHints":{"allow":["GET"]}}],"collection":[{"href":"http:\/\/www.hooked-outlaws.com\/index.php\/wp-json\/wp\/v2\/product"}],"about":[{"href":"http:\/\/www.hooked-outlaws.com\/index.php\/wp-json\/wp\/v2\/types\/product"}],"wp:featuredmedia":[{"embeddable":true,"href":"http:\/\/www.hooked-outlaws.com\/index.php\/wp-json\/wp\/v2\/media\/91"}],"wp:attachment":[{"href":"http:\/\/www.hooked-outlaws.com\/index.php\/wp-json\/wp\/v2\/media?parent=86"}],"wp:term":[{"taxonomy":"product_brand","embeddable":true,"href":"http:\/\/www.hooked-outlaws.com\/index.php\/wp-json\/wp\/v2\/product_brand?post=86"},{"taxonomy":"product_cat","embeddable":true,"href":"http:\/\/www.hooked-outlaws.com\/index.php\/wp-json\/wp\/v2\/product_cat?post=86"},{"taxonomy":"product_tag","embeddable":true,"href":"http:\/\/www.hooked-outlaws.com\/index.php\/wp-json\/wp\/v2\/product_tag?post=86"}],"curies":[{"name":"wp","href":"https:\/\/api.w.org\/{rel}","templated":true}]}}